{"id":94079,"date":"2025-11-17T16:30:00","date_gmt":"2025-11-17T13:30:00","guid":{"rendered":"https:\/\/versorahumancapital.com\/?page_id=94079"},"modified":"2025-11-17T17:25:23","modified_gmt":"2025-11-17T14:25:23","slug":"kvkk","status":"publish","type":"page","link":"https:\/\/versorahumancapital.com\/index.php\/tr\/kvkk\/","title":{"rendered":"Kvkk"},"content":{"rendered":"\t\t<div data-elementor-type=\"wp-page\" data-elementor-id=\"94079\" class=\"elementor elementor-94079\">\n\t\t\t\t<div class=\"elementor-element elementor-element-78fa30c e-flex e-con-boxed content-parallax-no e-con e-parent\" data-id=\"78fa30c\" data-element_type=\"container\">\n\t\t\t\t\t<div class=\"e-con-inner\">\n\t\t\t\t<div class=\"elementor-element elementor-element-ff386c8 elementor-widget elementor-widget-text-editor\" data-id=\"ff386c8\" data-element_type=\"widget\" data-widget_type=\"text-editor.default\">\n\t\t\t\t\t\t\t\t\t<p><b>VERSORA HUMAN CAPITAL \u2013 G\u0130ZL\u0130L\u0130K POL\u0130T\u0130KASI<\/b><\/p><p><b>Son g\u00fcncelleme: 14 Kas\u0131m 2025<\/b><\/p><p><span style=\"font-weight: 400;\">Versora Human Capital olarak, ki\u015fisel verilerinizin gizlili\u011fini korumak temel ilkelerimizden biridir. Bu Gizlilik Politikas\u0131, \u0130K d\u0131\u015f kaynak, i\u015fe al\u0131m deste\u011fi ve insan kaynaklar\u0131 dan\u0131\u015fmanl\u0131\u011f\u0131 hizmetlerimiz kapsam\u0131nda bize sa\u011flad\u0131\u011f\u0131n\u0131z ki\u015fisel verilerin nas\u0131l topland\u0131\u011f\u0131n\u0131, kullan\u0131ld\u0131\u011f\u0131n\u0131, sakland\u0131\u011f\u0131n\u0131 ve korundu\u011funu a\u00e7\u0131klamaktad\u0131r.<\/span><\/p><ol><li><b> Kimiz?<\/b><\/li><\/ol><p><span style=\"font-weight: 400;\">Versora Human Capital,\u00a0<\/span><b>Versora Partners Dan\u0131\u015fmanl\u0131k ve D\u0131\u015f Ticaret Limited \u015eirketi<\/b><span style=\"font-weight: 400;\">\u00a0b\u00fcnyesinde faaliyet g\u00f6stermekte olup; \u0130K d\u0131\u015f kaynak, i\u015fe al\u0131m, yetenek y\u00f6netimi ve insan kaynaklar\u0131 dan\u0131\u015fmanl\u0131\u011f\u0131 hizmetleri sunmaktad\u0131r.<\/span><\/p><p><span style=\"font-weight: 400;\">Bize ula\u015fmak i\u00e7in:<\/span><span style=\"font-weight: 400;\"><br \/><\/span><span style=\"font-weight: 400;\">\ud83d\udce7<\/span><span style=\"font-weight: 400;\">\u00a0<\/span><b>info@versorahuman.com<\/b><span style=\"font-weight: 400;\"><br \/><\/span><span style=\"font-weight: 400;\">\ud83c\udf10<\/span><span style=\"font-weight: 400;\">\u00a0<\/span><b>https:\/\/versorahumancapital.com<\/b><\/p><ol start=\"2\"><li><b> Toplanan Ki\u015fisel Veriler<\/b><\/li><\/ol><p><span style=\"font-weight: 400;\">A\u015fa\u011f\u0131daki ki\u015fisel veriler; web sitemiz, Google Ads formlar\u0131, e-posta, telefon veya di\u011fer ileti\u015fim kanallar\u0131 arac\u0131l\u0131\u011f\u0131yla toplanabilir:<\/span><\/p><ul><li style=\"font-weight: 400;\" aria-level=\"1\"><span style=\"font-weight: 400;\">Ad Soyad<\/span><\/li><li style=\"font-weight: 400;\" aria-level=\"1\"><span style=\"font-weight: 400;\">\u015eirket Ad\u0131<\/span><\/li><li style=\"font-weight: 400;\" aria-level=\"1\"><span style=\"font-weight: 400;\">Pozisyon \/ Unvan<\/span><\/li><li style=\"font-weight: 400;\" aria-level=\"1\"><span style=\"font-weight: 400;\">E-posta Adresi<\/span><\/li><li style=\"font-weight: 400;\" aria-level=\"1\"><span style=\"font-weight: 400;\">Telefon Numaras\u0131<\/span><\/li><li style=\"font-weight: 400;\" aria-level=\"1\"><span style=\"font-weight: 400;\">\u0130nsan kaynaklar\u0131 veya i\u015fe al\u0131m talebinize dair bilgiler<\/span><\/li><\/ul><ol start=\"3\"><li><b> Verilerin \u0130\u015flenme Ama\u00e7lar\u0131<\/b><\/li><\/ol><p><span style=\"font-weight: 400;\">Ki\u015fisel verileriniz yaln\u0131zca a\u015fa\u011f\u0131daki ama\u00e7larla kullan\u0131lacakt\u0131r:<\/span><\/p><ul><li style=\"font-weight: 400;\" aria-level=\"1\"><span style=\"font-weight: 400;\">Talebinize yan\u0131t vermek<\/span><\/li><li style=\"font-weight: 400;\" aria-level=\"1\"><span style=\"font-weight: 400;\">\u0130nsan kaynaklar\u0131 veya i\u015fe al\u0131m ihtiya\u00e7lar\u0131n\u0131z\u0131 de\u011ferlendirmek<\/span><\/li><li style=\"font-weight: 400;\" aria-level=\"1\"><span style=\"font-weight: 400;\">Size \u00f6zel teklif haz\u0131rlamak ve payla\u015fmak<\/span><\/li><li style=\"font-weight: 400;\" aria-level=\"1\"><span style=\"font-weight: 400;\">\u0130\u015fe al\u0131m veya dan\u0131\u015fmanl\u0131k s\u00fcrecini y\u00f6netmek<\/span><\/li><li style=\"font-weight: 400;\" aria-level=\"1\"><span style=\"font-weight: 400;\">Hizmet kalitemizi art\u0131rmak<\/span><\/li><li style=\"font-weight: 400;\" aria-level=\"1\"><span style=\"font-weight: 400;\">M\u00fc\u015fteri ili\u015fkileri s\u00fcre\u00e7lerini y\u00fcr\u00fctmek<\/span><\/li><\/ul><p><span style=\"font-weight: 400;\">Verileriniz\u00a0<\/span><b>kesinlikle \u00fc\u00e7\u00fcnc\u00fc taraflara pazarlama amac\u0131yla sat\u0131lmaz veya payla\u015f\u0131lmaz.<\/b><\/p><ol start=\"4\"><li><b> Hukuki \u0130\u015fleme Sebepleri<\/b><\/li><\/ol><p><span style=\"font-weight: 400;\">Ki\u015fisel verileriniz a\u015fa\u011f\u0131daki hukuki sebeplere dayanarak i\u015flenmektedir:<\/span><\/p><ul><li style=\"font-weight: 400;\" aria-level=\"1\"><b>A\u00e7\u0131k r\u0131zan\u0131z<\/b><span style=\"font-weight: 400;\">\u00a0(form doldurdu\u011funuz anda)<\/span><\/li><li style=\"font-weight: 400;\" aria-level=\"1\"><b>Me\u015fru menfaat<\/b><span style=\"font-weight: 400;\">\u00a0(hizmet talebinizi de\u011ferlendirme)<\/span><\/li><li style=\"font-weight: 400;\" aria-level=\"1\"><b>Hukuki y\u00fck\u00fcml\u00fcl\u00fckler<\/b><span style=\"font-weight: 400;\">\u00a0(gerekmesi halinde)<\/span><\/li><\/ul><ol start=\"5\"><li><b> Verilerin Saklanma S\u00fcresi<\/b><\/li><\/ol><p><span style=\"font-weight: 400;\">Verileriniz, hizmet ili\u015fkisinin gerektirdi\u011fi s\u00fcre boyunca veya yasal saklama s\u00fcreleri kapsam\u0131nda g\u00fcvenli bir \u015fekilde saklan\u0131r. S\u00fcrecin tamamlanmas\u0131 veya talebiniz h\u00e2linde verileriniz g\u00fcvenli \u015fekilde silinir.<\/span><\/p><ol start=\"6\"><li><b> Veri Payla\u015f\u0131m\u0131<\/b><\/li><\/ol><p><span style=\"font-weight: 400;\">Ki\u015fisel verileriniz:<\/span><\/p><ul><li style=\"font-weight: 400;\" aria-level=\"1\"><b>Sizin onay\u0131n\u0131z olmadan \u00fc\u00e7\u00fcnc\u00fc ki\u015filere aktar\u0131lmaz<\/b><span style=\"font-weight: 400;\">,<\/span><\/li><li style=\"font-weight: 400;\" aria-level=\"1\"><b>Yasal zorunluluk olmad\u0131\u011f\u0131 s\u00fcrece yetkili kurumlarla payla\u015f\u0131lmaz<\/b><span style=\"font-weight: 400;\">,<\/span><\/li><li style=\"font-weight: 400;\" aria-level=\"1\"><span style=\"font-weight: 400;\">Yaln\u0131zca hizmet sunumu i\u00e7in gerekli olmas\u0131 h\u00e2linde ve\u00a0<\/span><b>sizin bilgilendirmeniz\/izniniz ile<\/b><span style=\"font-weight: 400;\">\u00a0i\u015f ortaklar\u0131yla payla\u015f\u0131labilir.<\/span><\/li><\/ul><ol start=\"7\"><li><b> Veri G\u00fcvenli\u011fi<\/b><\/li><\/ol><p><span style=\"font-weight: 400;\">Verilerinizin korunmas\u0131 amac\u0131yla uygun teknik ve idari g\u00fcvenlik \u00f6nlemleri al\u0131nmaktad\u0131r. Ki\u015fisel verilere yaln\u0131zca yetkili personel eri\u015febilir ve bu eri\u015fim yaln\u0131zca hizmet sunumu amac\u0131yla ger\u00e7ekle\u015ftirilir.<\/span><\/p><ol start=\"8\"><li><b> Haklar\u0131n\u0131z (KVKK ve GDPR Kapsam\u0131nda)<\/b><\/li><\/ol><p><span style=\"font-weight: 400;\">A\u015fa\u011f\u0131daki haklara sahipsiniz:<\/span><\/p><ul><li style=\"font-weight: 400;\" aria-level=\"1\"><span style=\"font-weight: 400;\">Ki\u015fisel verilerinize eri\u015fme<\/span><\/li><li style=\"font-weight: 400;\" aria-level=\"1\"><span style=\"font-weight: 400;\">Verilerinizin d\u00fczeltilmesini talep etme<\/span><\/li><li style=\"font-weight: 400;\" aria-level=\"1\"><span style=\"font-weight: 400;\">Verilerinizin silinmesini talep etme<\/span><\/li><li style=\"font-weight: 400;\" aria-level=\"1\"><span style=\"font-weight: 400;\">\u0130\u015flemeye itiraz etme<\/span><\/li><li style=\"font-weight: 400;\" aria-level=\"1\"><span style=\"font-weight: 400;\">A\u00e7\u0131k r\u0131zan\u0131z\u0131 geri \u00e7ekme<\/span><\/li><li style=\"font-weight: 400;\" aria-level=\"1\"><span style=\"font-weight: 400;\">Veri ta\u015f\u0131nabilirli\u011fi talep etme<\/span><\/li><li style=\"font-weight: 400;\" aria-level=\"1\"><span style=\"font-weight: 400;\">Yetkili kurumlara \u015fikayette bulunma<\/span><\/li><\/ul><p><span style=\"font-weight: 400;\">Haklar\u0131n\u0131z\u0131 kullanmak i\u00e7in:<\/span><span style=\"font-weight: 400;\"><br \/><\/span><span style=\"font-weight: 400;\">\ud83d\udce7<\/span><span style=\"font-weight: 400;\">\u00a0<\/span><b>info@versorahuman.com<\/b><\/p><ol start=\"9\"><li><b> Politikada Yap\u0131labilecek De\u011fi\u015fiklikler<\/b><\/li><\/ol><p><span style=\"font-weight: 400;\">Versora Human Capital gerekli g\u00f6rd\u00fc\u011f\u00fc durumlarda Gizlilik Politikas\u0131n\u0131 g\u00fcncelleyebilir. G\u00fcncellemeler bu sayfa \u00fczerinden yay\u0131nlanacakt\u0131r.<\/span><\/p><p><br \/><br \/><\/p>\t\t\t\t\t\t\t\t<\/div>\n\t\t\t\t\t<\/div>\n\t\t\t\t<\/div>\n\t\t\t\t<\/div>\n\t\t","protected":false},"excerpt":{"rendered":"<p>VERSORA HUMAN CAPITAL \u2013 G\u0130ZL\u0130L\u0130K POL\u0130T\u0130KASI Son g\u00fcncelleme: 14 Kas\u0131m 2025 Versora Human Capital olarak, ki\u015fisel verilerinizin gizlili\u011fini korumak temel ilkelerimizden biridir. Bu Gizlilik Politikas\u0131, \u0130K..<\/p>\n","protected":false},"author":1,"featured_media":0,"parent":0,"menu_order":0,"comment_status":"closed","ping_status":"closed","template":"","meta":{"footnotes":""},"class_list":["post-94079","page","type-page","status-publish","hentry"],"_links":{"self":[{"href":"https:\/\/versorahumancapital.com\/index.php\/wp-json\/wp\/v2\/pages\/94079","targetHints":{"allow":["GET"]}}],"collection":[{"href":"https:\/\/versorahumancapital.com\/index.php\/wp-json\/wp\/v2\/pages"}],"about":[{"href":"https:\/\/versorahumancapital.com\/index.php\/wp-json\/wp\/v2\/types\/page"}],"author":[{"embeddable":true,"href":"https:\/\/versorahumancapital.com\/index.php\/wp-json\/wp\/v2\/users\/1"}],"replies":[{"embeddable":true,"href":"https:\/\/versorahumancapital.com\/index.php\/wp-json\/wp\/v2\/comments?post=94079"}],"version-history":[{"count":7,"href":"https:\/\/versorahumancapital.com\/index.php\/wp-json\/wp\/v2\/pages\/94079\/revisions"}],"predecessor-version":[{"id":94090,"href":"https:\/\/versorahumancapital.com\/index.php\/wp-json\/wp\/v2\/pages\/94079\/revisions\/94090"}],"wp:attachment":[{"href":"https:\/\/versorahumancapital.com\/index.php\/wp-json\/wp\/v2\/media?parent=94079"}],"curies":[{"name":"wp","href":"https:\/\/api.w.org\/{rel}","templated":true}]}}